{"id":6555,"date":"2022-10-26T05:44:47","date_gmt":"2022-10-26T05:44:47","guid":{"rendered":"https:\/\/3.70.252.158\/certification-mcerts\/"},"modified":"2022-10-27T09:22:49","modified_gmt":"2022-10-27T09:22:49","slug":"certification-mcerts","status":"publish","type":"page","link":"https:\/\/www.olicem.com\/fr\/certification-mcerts\/","title":{"rendered":"Certification MCERTS"},"content":{"rendered":"<p><div class=\"fusion-fullwidth fullwidth-box fusion-builder-row-1 hundred-percent-fullwidth non-hundred-percent-height-scrolling\" style=\"--awb-border-radius-top-left:0px;--awb-border-radius-top-right:0px;--awb-border-radius-bottom-right:0px;--awb-border-radius-bottom-left:0px;--awb-margin-top:20px;--awb-flex-wrap:wrap;\" ><div class=\"fusion-builder-row fusion-row\"><div class=\"fusion-layout-column fusion_builder_column fusion-builder-column-0 fusion_builder_column_1_4 1_4 fusion-one-fourth fusion-column-first\" style=\"--awb-bg-size:cover;width:25%;width:calc(25% - ( ( 4% + 4% ) * 0.25 ) );margin-right: 4%;\"><div class=\"fusion-column-wrapper fusion-column-has-shadow fusion-flex-column-wrapper-legacy\"><div class=\"fusion-clearfix\"><\/div><\/div><\/div><div class=\"fusion-layout-column fusion_builder_column fusion-builder-column-1 fusion_builder_column_1_2 1_2 fusion-one-half\" style=\"--awb-bg-size:cover;width:50%;width:calc(50% - ( ( 4% + 4% ) * 0.5 ) );margin-right: 4%;\"><div class=\"fusion-column-wrapper fusion-column-has-shadow fusion-flex-column-wrapper-legacy\"><div class=\"fusion-title title fusion-title-1 fusion-sep-none fusion-title-text fusion-title-size-one\" style=\"--awb-margin-top-small:0px;--awb-margin-right-small:0px;--awb-margin-bottom-small:0px;--awb-margin-left-small:0px;\"><h1 class=\"fusion-title-heading title-heading-left fusion-responsive-typography-calculated\" style=\"margin:0;--fontSize:110;line-height:1.1;\"><h2>MCERTS<\/h2><\/h1><\/div><div class=\"fusion-text fusion-text-1\"><p><strong>Pensez \u00e0 v\u00e9rifier la certification MCERTS si vous \u00eates \u00e0 la recherche d\u2019un nouveau syst\u00e8me de reporting environnemental. Ce certificat garantit la qualit\u00e9 sup\u00e9rieure de votre syst\u00e8me.<\/strong><\/p>\n<p>De nombreux facteurs doivent \u00eatre pris en compte lors du reporting des \u00e9missions. Cela s\u2019applique aussi bien aux analyseurs physiques qu\u2019aux syst\u00e8mes de reporting environnemental. Les compteurs doivent \u00eatre certifi\u00e9s QAL1 et entretenus et r\u00e9par\u00e9s conform\u00e9ment \u00e0 la norme NF\u00a0EN\u00a014181. Les calculs environnementaux doivent \u00eatre effectu\u00e9s conform\u00e9ment \u00e0 la norme NF\u00a0EN\u00a017255 et consign\u00e9s sous forme de rapports comme stipul\u00e9 dans l\u2019agr\u00e9ment environnemental de l\u2019entreprise. Un syst\u00e8me certifi\u00e9 MCERTS est garanti conforme \u00e0 toutes les normes, cr\u00e9dibilisant ainsi le r\u00e9sultat final.<\/p>\n<p><strong>La force d\u2019une cha\u00eene d\u00e9pend de son maillon le plus faible<\/strong><br \/>\nLa certification MCERTS du syst\u00e8me de reporting environnemental est une extension naturelle de la certification des analyseurs. La qualit\u00e9 de l\u2019analyseur est ainsi pleinement int\u00e9gr\u00e9e aux rapports, qui pr\u00e9sentent les r\u00e9sultats mesur\u00e9s. La certification garantit que le syst\u00e8me de reporting environnemental est conforme aux normes internationales et europ\u00e9ennes sur les \u00e9missions. Sans certification du syst\u00e8me de reporting environnemental, la qualit\u00e9 du compteur est perdue, car rien ne garantit un traitement appropri\u00e9 des donn\u00e9es\u00a0!<\/p>\n<p><strong>Le contenu de la certification MCERTS<\/strong><br \/>\nLa certification MCERTS de ReportLoq garantit la mise en \u0153uvre appropri\u00e9e de la norme NF\u00a0EN\u00a014181 en int\u00e9grant les calculs QAL2 et QAL3 et en v\u00e9rifiant les d\u00e9passements des intervalles d\u2019\u00e9talonnage. Les valeurs QAL2 saisies sont automatiquement appliqu\u00e9es aux valeurs mesur\u00e9es directement dans le syst\u00e8me. Lors de la saisie des mesures QAL3, ReportLoq calcule l\u2019op\u00e9ration sur le compteur via la norme CUSUM. Toute correction du compteur est automatiquement appliqu\u00e9e aux valeurs mesur\u00e9es directement dans le syst\u00e8me, ce qui r\u00e9duit significativement le risque d\u2019erreurs manuelles. Les corrections pour l\u2019oxyg\u00e8ne, l\u2019eau, la pression et la temp\u00e9rature sont \u00e9galement calcul\u00e9es automatiquement dans le syst\u00e8me. Ainsi, ReportLoq permet une standardisation compl\u00e8te des mesures brutes \u00e0 des fins de reporting environnemental.<\/p>\n<p>ReportLoq repose sur des normes internationales telles que la norme NF\u00a0EN\u00a017255-1. La certification MCERTS des syst\u00e8mes de reporting environnemental de Sira est bas\u00e9e sur les m\u00eames normes europ\u00e9ennes.<\/p>\n<p>Les r\u00e9glementations relatives aux usines d\u2019incin\u00e9ration de d\u00e9chets et aux grandes installations de combustion s\u2019inspirent des directives europ\u00e9ennes WID et LCPD. Les directives WID et LCPD sont toutes deux couvertes par la norme MCERTS.<\/p>\n<p>Moins commerciale, mais au moins aussi importante, la certification MCERTS exige que le syst\u00e8me certifi\u00e9 soit de bonne qualit\u00e9. Il existe une exigence qui pr\u00e9voit que le cycle de vie des logiciels soit document\u00e9 et syst\u00e9matique. Cela garantit que les erreurs peuvent \u00eatre corrig\u00e9es et que de nouvelles versions peuvent \u00eatre d\u00e9velopp\u00e9es au fil du temps. La certification MCERTS pr\u00e9voit \u00e9galement des exigences en mati\u00e8re de s\u00e9curit\u00e9 informatique, de chiffrement, de pistes d\u2019audit, de sauvegarde et plus encore. Tout cela s\u2019inscrit dans un syst\u00e8me qui doit garantir un temps de disponibilit\u00e9 \u00e9lev\u00e9 et des donn\u00e9es valides.<\/p>\n<p>Avec MCERTS, vous avez l\u2019assurance que les normes sur lesquelles repose votre agr\u00e9ment d\u2019environnement sont respect\u00e9es, tout en b\u00e9n\u00e9ficiant d\u2019un logiciel efficace et d\u2019une s\u00e9curit\u00e9 informatique \u00e9lev\u00e9e.<\/p>\n<p><strong>Mais DEVEZ-VOUS choisir un syst\u00e8me certifi\u00e9\u00a0?<\/strong><br \/>\nTous les pays n\u2019imposent pas la certification obligatoire des syst\u00e8mes de reporting environnemental. Mais chez Olicem, nous avons tout de m\u00eame opt\u00e9 pour la certification. C\u2019est ainsi que nous vous promettons la meilleure qualit\u00e9\u00a0!<\/p>\n<\/div><div class=\"fusion-sep-clear\"><\/div><div class=\"fusion-separator fusion-full-width-sep\" style=\"margin-left: auto;margin-right: auto;margin-top:0px;margin-bottom:10px;width:100%;\"><\/div><div class=\"fusion-sep-clear\"><\/div><div class=\"fusion-testimonials classic awb-speech-bubble-show fusion-testimonials-1\" style=\"--awb-textcolor:#858a9f;--awb-backgroundcolor:rgba(246,246,246,0);--awb-testimonial-border-style:solid;--awb-testimonial-border-color:var(--awb-color3);--awb-border-top-left-radius:0px;--awb-border-top-right-radius:0px;--awb-border-bottom-left-radius:0px;--awb-border-bottom-right-radius:0px;--testimonial-border-width-top:0px;--testimonial-border-width-right:0px;--testimonial-border-width-bottom:0px;--testimonial-border-width-left:0px;\" data-random=\"0\" data-speed=\"4000\"><div class=\"reviews\"><div class=\"review active-testimonial male\"><blockquote><div class=\"awb-quote\"><div class=\"awb-quote-content\">\n<p>Non seulement notre logiciel a obtenu la certification, mais il a \u00e9galement \u00e9t\u00e9 le plus rapide et le plus facile \u00e0 certifier depuis l\u2019introduction de la norme MCERTS en 2007<\/p>\n<\/div><\/div><span class=\"awb-triangle\"><\/span><\/blockquote><div class=\"author\"><span class=\"testimonial-thumbnail doe\"><\/span><span class=\"company-name\"><strong>Dr . Martin Lloyd<\/strong><span>, <\/span><span>Farside Technology<\/span><\/span><\/div><\/div><\/div><\/div><div class=\"fusion-sep-clear\"><\/div><div class=\"fusion-separator fusion-full-width-sep\" style=\"margin-left: auto;margin-right: auto;margin-top:0px;margin-bottom:20px;width:100%;\"><\/div><div class=\"fusion-sep-clear\"><\/div><div class=\"fusion-clearfix\"><\/div><\/div><\/div><div class=\"fusion-layout-column fusion_builder_column fusion-builder-column-2 fusion_builder_column_1_4 1_4 fusion-one-fourth fusion-column-last\" style=\"--awb-bg-size:cover;width:25%;width:calc(25% - ( ( 4% + 4% ) * 0.25 ) );\"><div class=\"fusion-column-wrapper fusion-column-has-shadow fusion-flex-column-wrapper-legacy\"><div class=\"fusion-image-element fusion-image-align-right in-legacy-container\" style=\"text-align:right;--awb-caption-title-font-family:var(--h2_typography-font-family);--awb-caption-title-font-weight:var(--h2_typography-font-weight);--awb-caption-title-font-style:var(--h2_typography-font-style);--awb-caption-title-size:var(--h2_typography-font-size);--awb-caption-title-transform:var(--h2_typography-text-transform);--awb-caption-title-line-height:var(--h2_typography-line-height);--awb-caption-title-letter-spacing:var(--h2_typography-letter-spacing);\"><span class=\" fusion-imageframe imageframe-none imageframe-1 hover-type-none\" style=\"margin-left:25px;float:right;\"><a class=\"fusion-no-lightbox\" href=\"https:\/\/www.csagroupuk.org\/services\/mcerts\/\" target=\"_blank\" rel=\"noopener noreferrer\"><img decoding=\"async\" src=\"https:\/\/www.olicem.com\/wp-content\/uploads\/2018\/09\/mcerts-logo-218x300.jpg\" alt class=\"img-responsive\"\/><\/a><\/span><\/div><div class=\"fusion-sep-clear\"><\/div><div class=\"fusion-separator fusion-full-width-sep\" style=\"margin-left: auto;margin-right: auto;margin-top:10px;width:100%;\"><\/div><div class=\"fusion-sep-clear\"><\/div><ul style=\"--awb-size:16px;--awb-line-height:27.2px;--awb-icon-width:27.2px;--awb-icon-height:27.2px;--awb-icon-margin:11.2px;--awb-content-margin:38.4px;\" class=\"fusion-checklist fusion-checklist-1 fusion-checklist-default type-icons float-right\"><li class=\"fusion-li-item\" style=\"\"><span class=\"icon-wrapper circle-no\"><i class=\"fusion-li-icon fa-external-link-alt fas\" aria-hidden=\"true\"><\/i><\/span><div class=\"fusion-li-item-content\">\n<p><a href=\"https:\/\/www.csagroupuk.org\/wp-content\/uploads\/2015\/12\/MC15028702.pdf\" target=\"_blank\" rel=\"noopener noreferrer\">T\u00e9l\u00e9charger le certificat de ReportLoq<\/a><\/p>\n<\/div><\/li><li class=\"fusion-li-item\" style=\"\"><span class=\"icon-wrapper circle-no\"><i class=\"fusion-li-icon fa-external-link-alt fas\" aria-hidden=\"true\"><\/i><\/span><div class=\"fusion-li-item-content\">\n<p><a href=\"https:\/\/www.csagroupuk.org\/services\/mcerts\/\" target=\"_blank\" rel=\"noopener noreferrer\">\u00c0 propos de MCERTS<\/a><\/p>\n<\/div><\/li><\/ul><div class=\"fusion-clearfix\"><\/div><\/div><\/div><\/div><\/div><div class=\"fusion-fullwidth fullwidth-box fusion-builder-row-2 nonhundred-percent-fullwidth non-hundred-percent-height-scrolling\" style=\"--awb-border-radius-top-left:0px;--awb-border-radius-top-right:0px;--awb-border-radius-bottom-right:0px;--awb-border-radius-bottom-left:0px;--awb-flex-wrap:wrap;\" ><div class=\"fusion-builder-row fusion-row\"><\/div><\/div><\/p>\n","protected":false},"excerpt":{"rendered":"","protected":false},"author":3,"featured_media":0,"parent":0,"menu_order":0,"comment_status":"closed","ping_status":"closed","template":"100-width.php","meta":{"footnotes":""},"class_list":["post-6555","page","type-page","status-publish","hentry"],"yoast_head":"<!-- This site is optimized with the Yoast SEO plugin v27.6 - https:\/\/yoast.com\/product\/yoast-seo-wordpress\/ -->\n<title>Certification MCERTS - Olicem<\/title>\n<meta name=\"robots\" content=\"index, follow, max-snippet:-1, max-image-preview:large, max-video-preview:-1\" \/>\n<link rel=\"canonical\" href=\"https:\/\/www.olicem.com\/fr\/certification-mcerts\/\" \/>\n<meta property=\"og:locale\" content=\"fr_FR\" \/>\n<meta property=\"og:type\" content=\"article\" \/>\n<meta property=\"og:title\" content=\"Certification MCERTS - Olicem\" \/>\n<meta property=\"og:url\" content=\"https:\/\/www.olicem.com\/fr\/certification-mcerts\/\" \/>\n<meta property=\"og:site_name\" content=\"Olicem\" \/>\n<meta property=\"article:modified_time\" content=\"2022-10-27T09:22:49+00:00\" \/>\n<meta name=\"twitter:card\" content=\"summary_large_image\" \/>\n<meta name=\"twitter:label1\" content=\"Dur\u00e9e de lecture estim\u00e9e\" \/>\n\t<meta name=\"twitter:data1\" content=\"6 minutes\" \/>\n<script type=\"application\/ld+json\" class=\"yoast-schema-graph\">{\"@context\":\"https:\\\/\\\/schema.org\",\"@graph\":[{\"@type\":\"WebPage\",\"@id\":\"https:\\\/\\\/www.olicem.com\\\/fr\\\/certification-mcerts\\\/\",\"url\":\"https:\\\/\\\/www.olicem.com\\\/fr\\\/certification-mcerts\\\/\",\"name\":\"Certification MCERTS - Olicem\",\"isPartOf\":{\"@id\":\"https:\\\/\\\/www.olicem.com\\\/fr\\\/#website\"},\"datePublished\":\"2022-10-26T05:44:47+00:00\",\"dateModified\":\"2022-10-27T09:22:49+00:00\",\"breadcrumb\":{\"@id\":\"https:\\\/\\\/www.olicem.com\\\/fr\\\/certification-mcerts\\\/#breadcrumb\"},\"inLanguage\":\"fr-FR\",\"potentialAction\":[{\"@type\":\"ReadAction\",\"target\":[\"https:\\\/\\\/www.olicem.com\\\/fr\\\/certification-mcerts\\\/\"]}]},{\"@type\":\"BreadcrumbList\",\"@id\":\"https:\\\/\\\/www.olicem.com\\\/fr\\\/certification-mcerts\\\/#breadcrumb\",\"itemListElement\":[{\"@type\":\"ListItem\",\"position\":1,\"name\":\"Hjem\",\"item\":\"https:\\\/\\\/www.olicem.com\\\/fr\\\/\"},{\"@type\":\"ListItem\",\"position\":2,\"name\":\"Certification MCERTS\"}]},{\"@type\":\"WebSite\",\"@id\":\"https:\\\/\\\/www.olicem.com\\\/fr\\\/#website\",\"url\":\"https:\\\/\\\/www.olicem.com\\\/fr\\\/\",\"name\":\"Olicem\",\"description\":\"Certificeret milj\u00f8rapportering\",\"potentialAction\":[{\"@type\":\"SearchAction\",\"target\":{\"@type\":\"EntryPoint\",\"urlTemplate\":\"https:\\\/\\\/www.olicem.com\\\/fr\\\/?s={search_term_string}\"},\"query-input\":{\"@type\":\"PropertyValueSpecification\",\"valueRequired\":true,\"valueName\":\"search_term_string\"}}],\"inLanguage\":\"fr-FR\"}]}<\/script>\n<!-- \/ Yoast SEO plugin. -->","yoast_head_json":{"title":"Certification MCERTS - Olicem","robots":{"index":"index","follow":"follow","max-snippet":"max-snippet:-1","max-image-preview":"max-image-preview:large","max-video-preview":"max-video-preview:-1"},"canonical":"https:\/\/www.olicem.com\/fr\/certification-mcerts\/","og_locale":"fr_FR","og_type":"article","og_title":"Certification MCERTS - Olicem","og_url":"https:\/\/www.olicem.com\/fr\/certification-mcerts\/","og_site_name":"Olicem","article_modified_time":"2022-10-27T09:22:49+00:00","twitter_card":"summary_large_image","twitter_misc":{"Dur\u00e9e de lecture estim\u00e9e":"6 minutes"},"schema":{"@context":"https:\/\/schema.org","@graph":[{"@type":"WebPage","@id":"https:\/\/www.olicem.com\/fr\/certification-mcerts\/","url":"https:\/\/www.olicem.com\/fr\/certification-mcerts\/","name":"Certification MCERTS - Olicem","isPartOf":{"@id":"https:\/\/www.olicem.com\/fr\/#website"},"datePublished":"2022-10-26T05:44:47+00:00","dateModified":"2022-10-27T09:22:49+00:00","breadcrumb":{"@id":"https:\/\/www.olicem.com\/fr\/certification-mcerts\/#breadcrumb"},"inLanguage":"fr-FR","potentialAction":[{"@type":"ReadAction","target":["https:\/\/www.olicem.com\/fr\/certification-mcerts\/"]}]},{"@type":"BreadcrumbList","@id":"https:\/\/www.olicem.com\/fr\/certification-mcerts\/#breadcrumb","itemListElement":[{"@type":"ListItem","position":1,"name":"Hjem","item":"https:\/\/www.olicem.com\/fr\/"},{"@type":"ListItem","position":2,"name":"Certification MCERTS"}]},{"@type":"WebSite","@id":"https:\/\/www.olicem.com\/fr\/#website","url":"https:\/\/www.olicem.com\/fr\/","name":"Olicem","description":"Certificeret milj\u00f8rapportering","potentialAction":[{"@type":"SearchAction","target":{"@type":"EntryPoint","urlTemplate":"https:\/\/www.olicem.com\/fr\/?s={search_term_string}"},"query-input":{"@type":"PropertyValueSpecification","valueRequired":true,"valueName":"search_term_string"}}],"inLanguage":"fr-FR"}]}},"_links":{"self":[{"href":"https:\/\/www.olicem.com\/fr\/wp-json\/wp\/v2\/pages\/6555","targetHints":{"allow":["GET"]}}],"collection":[{"href":"https:\/\/www.olicem.com\/fr\/wp-json\/wp\/v2\/pages"}],"about":[{"href":"https:\/\/www.olicem.com\/fr\/wp-json\/wp\/v2\/types\/page"}],"author":[{"embeddable":true,"href":"https:\/\/www.olicem.com\/fr\/wp-json\/wp\/v2\/users\/3"}],"replies":[{"embeddable":true,"href":"https:\/\/www.olicem.com\/fr\/wp-json\/wp\/v2\/comments?post=6555"}],"version-history":[{"count":0,"href":"https:\/\/www.olicem.com\/fr\/wp-json\/wp\/v2\/pages\/6555\/revisions"}],"wp:attachment":[{"href":"https:\/\/www.olicem.com\/fr\/wp-json\/wp\/v2\/media?parent=6555"}],"curies":[{"name":"wp","href":"https:\/\/api.w.org\/{rel}","templated":true}]}}