{"id":6535,"date":"2022-10-26T05:44:40","date_gmt":"2022-10-26T05:44:40","guid":{"rendered":"https:\/\/3.70.252.158\/documents\/"},"modified":"2025-10-13T15:40:36","modified_gmt":"2025-10-13T15:40:36","slug":"documents","status":"publish","type":"page","link":"https:\/\/www.olicem.com\/fr\/documents\/","title":{"rendered":"Documents"},"content":{"rendered":"<div class=\"fusion-fullwidth fullwidth-box fusion-builder-row-1 fusion-flex-container nonhundred-percent-fullwidth non-hundred-percent-height-scrolling\" style=\"--awb-border-radius-top-left:0px;--awb-border-radius-top-right:0px;--awb-border-radius-bottom-right:0px;--awb-border-radius-bottom-left:0px;--awb-flex-wrap:wrap;\" ><div class=\"fusion-builder-row fusion-row fusion-flex-align-items-flex-start fusion-flex-content-wrap\" style=\"max-width:1216.8px;margin-left: calc(-4% \/ 2 );margin-right: calc(-4% \/ 2 );\"><div class=\"fusion-layout-column fusion_builder_column fusion-builder-column-0 fusion_builder_column_1_1 1_1 fusion-flex-column\" style=\"--awb-bg-size:cover;--awb-width-large:100%;--awb-margin-top-large:5%;--awb-spacing-right-large:1.92%;--awb-margin-bottom-large:5%;--awb-spacing-left-large:1.92%;--awb-width-medium:100%;--awb-order-medium:0;--awb-spacing-right-medium:1.92%;--awb-spacing-left-medium:1.92%;--awb-width-small:100%;--awb-order-small:0;--awb-spacing-right-small:1.92%;--awb-spacing-left-small:1.92%;\"><div class=\"fusion-column-wrapper fusion-column-has-shadow fusion-flex-justify-content-flex-start fusion-content-layout-column\"><div class=\"fusion-title title fusion-title-1 fusion-sep-none fusion-title-text fusion-title-size-three\" style=\"--awb-margin-bottom:3%;--awb-margin-top-small:0px;--awb-margin-right-small:0px;--awb-margin-bottom-small:0px;--awb-margin-left-small:0px;\"><h3 class=\"fusion-title-heading title-heading-left fusion-responsive-typography-calculated\" style=\"margin:0;--fontSize:32;line-height:1.4;\">T\u00e9l\u00e9charger<\/h3><\/div><ul style=\"--awb-line-height:23.8px;--awb-icon-width:23.8px;--awb-icon-height:23.8px;--awb-icon-margin:9.8px;--awb-content-margin:33.6px;\" class=\"fusion-checklist fusion-checklist-1 fusion-checklist-default type-icons\"><li class=\"fusion-li-item\" style=\"\"><span class=\"icon-wrapper circle-no\"><i class=\"fusion-li-icon fa-file-pdf fas\" aria-hidden=\"true\"><\/i><\/span><div class=\"fusion-li-item-content\">\n<p><a href=\"https:\/\/www.olicem.com\/wp-content\/uploads\/2025\/10\/Olicem-Brochure-ReportLoq_FR-may2025.pdf\"><strong>Brochure, ReportLoq<\/strong><\/a> &#8211; Description de toutes les versions de ReportLoq (anglais)<\/p>\n<\/div><\/li><li class=\"fusion-li-item\" style=\"\"><span class=\"icon-wrapper circle-no\"><i class=\"fusion-li-icon fa-file-pdf fas\" aria-hidden=\"true\"><\/i><\/span><div class=\"fusion-li-item-content\">\n<p><strong><a href=\"https:\/\/www.olicem.com\/wp-content\/uploads\/2025\/10\/manual_fr.pdf\">Manuel de l&rsquo;utilisateur, ReportLoq<\/a><\/strong> &#8211; Guide de l&rsquo;utilisateur pour les utilisateurs finaux<\/p>\n<\/div><\/li><li class=\"fusion-li-item\" style=\"\"><span class=\"icon-wrapper circle-no\"><i class=\"fusion-li-icon fa-file-pdf fas\" aria-hidden=\"true\"><\/i><\/span><div class=\"fusion-li-item-content\">\n<p><strong><a href=\"https:\/\/www.olicem.com\/wp-content\/uploads\/2025\/10\/ReportLoq-DAHS-Technical-User-Manual-en.pdf\">Manuel de l&rsquo;utilisateur, technique<\/a><\/strong> &#8211; Guide d&rsquo;installation et informations techniques (anglais)<\/p>\n<\/div><\/li><li class=\"fusion-li-item\" style=\"\"><span class=\"icon-wrapper circle-no\"><i class=\"fusion-li-icon fa-file-pdf fas\" aria-hidden=\"true\"><\/i><\/span><div class=\"fusion-li-item-content\">\n<p><strong><a href=\"https:\/\/www.olicem.com\/wp-content\/uploads\/2025\/10\/General-Operating-Terms-ReportLoqV5.pdf\">Conditions d&rsquo;utilisation, ReportLoq Cloud<\/a> <\/strong>&#8211; Conditions g\u00e9n\u00e9rales pour les solutions bas\u00e9es sur l&rsquo;informatique en nuage (anglais)<\/p>\n<\/div><\/li><li class=\"fusion-li-item\" style=\"\"><span class=\"icon-wrapper circle-no\"><i class=\"fusion-li-icon fa-file-pdf fas\" aria-hidden=\"true\"><\/i><\/span><div class=\"fusion-li-item-content\">\n<p><strong><a href=\"https:\/\/www.olicem.com\/wp-content\/uploads\/2025\/10\/Databehandleraftale-Olicem-EN.pdf\">GDPR, Accord sur le traitement des donn\u00e9es<\/a> <\/strong>&#8211; T\u00e9l\u00e9chargez, imprimez, signez et renvoyez (anglais)<\/p>\n<\/div><\/li><\/ul><\/div><\/div><\/div><\/div>\n","protected":false},"excerpt":{"rendered":"","protected":false},"author":3,"featured_media":0,"parent":0,"menu_order":0,"comment_status":"closed","ping_status":"closed","template":"","meta":{"footnotes":""},"class_list":["post-6535","page","type-page","status-publish","hentry"],"yoast_head":"<!-- This site is optimized with the Yoast SEO plugin v27.5 - https:\/\/yoast.com\/product\/yoast-seo-wordpress\/ -->\n<title>Documents - Olicem<\/title>\n<meta name=\"robots\" content=\"index, follow, max-snippet:-1, max-image-preview:large, max-video-preview:-1\" \/>\n<link rel=\"canonical\" href=\"https:\/\/www.olicem.com\/fr\/documents\/\" \/>\n<meta property=\"og:locale\" content=\"fr_FR\" \/>\n<meta property=\"og:type\" content=\"article\" \/>\n<meta property=\"og:title\" content=\"Documents - Olicem\" \/>\n<meta property=\"og:url\" content=\"https:\/\/www.olicem.com\/fr\/documents\/\" \/>\n<meta property=\"og:site_name\" content=\"Olicem\" \/>\n<meta property=\"article:modified_time\" content=\"2025-10-13T15:40:36+00:00\" \/>\n<meta name=\"twitter:card\" content=\"summary_large_image\" \/>\n<meta name=\"twitter:label1\" content=\"Dur\u00e9e de lecture estim\u00e9e\" \/>\n\t<meta name=\"twitter:data1\" content=\"1 minute\" \/>\n<script type=\"application\/ld+json\" class=\"yoast-schema-graph\">{\"@context\":\"https:\\\/\\\/schema.org\",\"@graph\":[{\"@type\":\"WebPage\",\"@id\":\"https:\\\/\\\/www.olicem.com\\\/fr\\\/documents\\\/\",\"url\":\"https:\\\/\\\/www.olicem.com\\\/fr\\\/documents\\\/\",\"name\":\"Documents - Olicem\",\"isPartOf\":{\"@id\":\"https:\\\/\\\/www.olicem.com\\\/fr\\\/#website\"},\"datePublished\":\"2022-10-26T05:44:40+00:00\",\"dateModified\":\"2025-10-13T15:40:36+00:00\",\"breadcrumb\":{\"@id\":\"https:\\\/\\\/www.olicem.com\\\/fr\\\/documents\\\/#breadcrumb\"},\"inLanguage\":\"fr-FR\",\"potentialAction\":[{\"@type\":\"ReadAction\",\"target\":[\"https:\\\/\\\/www.olicem.com\\\/fr\\\/documents\\\/\"]}]},{\"@type\":\"BreadcrumbList\",\"@id\":\"https:\\\/\\\/www.olicem.com\\\/fr\\\/documents\\\/#breadcrumb\",\"itemListElement\":[{\"@type\":\"ListItem\",\"position\":1,\"name\":\"Hjem\",\"item\":\"https:\\\/\\\/www.olicem.com\\\/fr\\\/\"},{\"@type\":\"ListItem\",\"position\":2,\"name\":\"Documents\"}]},{\"@type\":\"WebSite\",\"@id\":\"https:\\\/\\\/www.olicem.com\\\/fr\\\/#website\",\"url\":\"https:\\\/\\\/www.olicem.com\\\/fr\\\/\",\"name\":\"Olicem\",\"description\":\"Certificeret milj\u00f8rapportering\",\"potentialAction\":[{\"@type\":\"SearchAction\",\"target\":{\"@type\":\"EntryPoint\",\"urlTemplate\":\"https:\\\/\\\/www.olicem.com\\\/fr\\\/?s={search_term_string}\"},\"query-input\":{\"@type\":\"PropertyValueSpecification\",\"valueRequired\":true,\"valueName\":\"search_term_string\"}}],\"inLanguage\":\"fr-FR\"}]}<\/script>\n<!-- \/ Yoast SEO plugin. -->","yoast_head_json":{"title":"Documents - Olicem","robots":{"index":"index","follow":"follow","max-snippet":"max-snippet:-1","max-image-preview":"max-image-preview:large","max-video-preview":"max-video-preview:-1"},"canonical":"https:\/\/www.olicem.com\/fr\/documents\/","og_locale":"fr_FR","og_type":"article","og_title":"Documents - Olicem","og_url":"https:\/\/www.olicem.com\/fr\/documents\/","og_site_name":"Olicem","article_modified_time":"2025-10-13T15:40:36+00:00","twitter_card":"summary_large_image","twitter_misc":{"Dur\u00e9e de lecture estim\u00e9e":"1 minute"},"schema":{"@context":"https:\/\/schema.org","@graph":[{"@type":"WebPage","@id":"https:\/\/www.olicem.com\/fr\/documents\/","url":"https:\/\/www.olicem.com\/fr\/documents\/","name":"Documents - Olicem","isPartOf":{"@id":"https:\/\/www.olicem.com\/fr\/#website"},"datePublished":"2022-10-26T05:44:40+00:00","dateModified":"2025-10-13T15:40:36+00:00","breadcrumb":{"@id":"https:\/\/www.olicem.com\/fr\/documents\/#breadcrumb"},"inLanguage":"fr-FR","potentialAction":[{"@type":"ReadAction","target":["https:\/\/www.olicem.com\/fr\/documents\/"]}]},{"@type":"BreadcrumbList","@id":"https:\/\/www.olicem.com\/fr\/documents\/#breadcrumb","itemListElement":[{"@type":"ListItem","position":1,"name":"Hjem","item":"https:\/\/www.olicem.com\/fr\/"},{"@type":"ListItem","position":2,"name":"Documents"}]},{"@type":"WebSite","@id":"https:\/\/www.olicem.com\/fr\/#website","url":"https:\/\/www.olicem.com\/fr\/","name":"Olicem","description":"Certificeret milj\u00f8rapportering","potentialAction":[{"@type":"SearchAction","target":{"@type":"EntryPoint","urlTemplate":"https:\/\/www.olicem.com\/fr\/?s={search_term_string}"},"query-input":{"@type":"PropertyValueSpecification","valueRequired":true,"valueName":"search_term_string"}}],"inLanguage":"fr-FR"}]}},"_links":{"self":[{"href":"https:\/\/www.olicem.com\/fr\/wp-json\/wp\/v2\/pages\/6535","targetHints":{"allow":["GET"]}}],"collection":[{"href":"https:\/\/www.olicem.com\/fr\/wp-json\/wp\/v2\/pages"}],"about":[{"href":"https:\/\/www.olicem.com\/fr\/wp-json\/wp\/v2\/types\/page"}],"author":[{"embeddable":true,"href":"https:\/\/www.olicem.com\/fr\/wp-json\/wp\/v2\/users\/3"}],"replies":[{"embeddable":true,"href":"https:\/\/www.olicem.com\/fr\/wp-json\/wp\/v2\/comments?post=6535"}],"version-history":[{"count":5,"href":"https:\/\/www.olicem.com\/fr\/wp-json\/wp\/v2\/pages\/6535\/revisions"}],"predecessor-version":[{"id":7564,"href":"https:\/\/www.olicem.com\/fr\/wp-json\/wp\/v2\/pages\/6535\/revisions\/7564"}],"wp:attachment":[{"href":"https:\/\/www.olicem.com\/fr\/wp-json\/wp\/v2\/media?parent=6535"}],"curies":[{"name":"wp","href":"https:\/\/api.w.org\/{rel}","templated":true}]}}