{"id":4370,"date":"2021-03-07T19:39:01","date_gmt":"2021-03-07T19:39:01","guid":{"rendered":"https:\/\/3.70.252.158\/olicem-aps-ensures-the-quality-of-environmental-measurements-at-oersteds-avedoerevaerket-and-asnaesvaerket\/"},"modified":"2021-03-07T19:57:00","modified_gmt":"2021-03-07T19:57:00","slug":"olicem-aps-ensures-the-quality-of-environmental-measurements-at-oersteds-avedoerevaerket-and-asnaesvaerket","status":"publish","type":"page","link":"https:\/\/www.olicem.com\/en\/olicem-aps-ensures-the-quality-of-environmental-measurements-at-oersteds-avedoerevaerket-and-asnaesvaerket\/","title":{"rendered":"Olicem ApS ensures the quality of environmental measurements at \u00d8rsteds Aved\u00f8rev\u00e6rket and Asn\u00e6sv\u00e6rket"},"content":{"rendered":"<div class=\"fusion-fullwidth fullwidth-box fusion-builder-row-1 fusion-flex-container nonhundred-percent-fullwidth non-hundred-percent-height-scrolling\" style=\"--awb-border-radius-top-left:0px;--awb-border-radius-top-right:0px;--awb-border-radius-bottom-right:0px;--awb-border-radius-bottom-left:0px;--awb-margin-top:5%;--awb-margin-bottom:5%;--awb-flex-wrap:wrap;\" ><div class=\"fusion-builder-row fusion-row fusion-flex-align-items-flex-start fusion-flex-content-wrap\" style=\"max-width:1216.8px;margin-left: calc(-4% \/ 2 );margin-right: calc(-4% \/ 2 );\"><div class=\"fusion-layout-column fusion_builder_column fusion-builder-column-0 fusion_builder_column_1_1 1_1 fusion-flex-column\" style=\"--awb-bg-size:cover;--awb-width-large:100%;--awb-margin-top-large:0px;--awb-spacing-right-large:1.92%;--awb-margin-bottom-large:0px;--awb-spacing-left-large:1.92%;--awb-width-medium:100%;--awb-order-medium:0;--awb-spacing-right-medium:1.92%;--awb-spacing-left-medium:1.92%;--awb-width-small:100%;--awb-order-small:0;--awb-spacing-right-small:1.92%;--awb-spacing-left-small:1.92%;\"><div class=\"fusion-column-wrapper fusion-column-has-shadow fusion-flex-justify-content-flex-start fusion-content-layout-column\"><div class=\"fusion-text fusion-text-1\"><h2>Olicem ApS ensures the quality of environmental measurements at \u00d8rsteds Aved\u00f8rev\u00e6rket and Asn\u00e6sv\u00e6rket<\/h2>\n<p>8\/3-2021 09:00<\/p>\n<p><strong>As a power plant operator, it is important to ensure that the environmental impact on the environment is reduced as much as possible. \u00d8rsted has therefore taken the step of replacing its environmental reporting system at both Aved\u00f8rev\u00e6rket and Asn\u00e6sv\u00e6rket with Olicem&#8217;s mCert&#8217;s certified environmental monitoring and reporting system ReportLoq. The system ensures that the plants calculate their emissions based on the latest standards in the sector, such as e.g. EN 17255-1:2019 and EN 17255-2:2020.<\/strong><\/p>\n<\/div><div class=\"fusion-image-element \" style=\"--awb-caption-title-font-family:var(--h2_typography-font-family);--awb-caption-title-font-weight:var(--h2_typography-font-weight);--awb-caption-title-font-style:var(--h2_typography-font-style);--awb-caption-title-size:var(--h2_typography-font-size);--awb-caption-title-transform:var(--h2_typography-text-transform);--awb-caption-title-line-height:var(--h2_typography-line-height);--awb-caption-title-letter-spacing:var(--h2_typography-letter-spacing);\"><span class=\" fusion-imageframe imageframe-none imageframe-1 hover-type-none\"><img decoding=\"async\" width=\"1200\" height=\"800\" title=\"Avedoerevaerket\" src=\"https:\/\/www.olicem.com\/wp-content\/uploads\/2021\/03\/Avedoerevaerket.png\" alt class=\"img-responsive wp-image-4319 \" srcset=\"https:\/\/www.olicem.com\/wp-content\/uploads\/2021\/03\/Avedoerevaerket-200x133.png 200w, https:\/\/www.olicem.com\/wp-content\/uploads\/2021\/03\/Avedoerevaerket-400x267.png 400w, https:\/\/www.olicem.com\/wp-content\/uploads\/2021\/03\/Avedoerevaerket-600x400.png 600w, https:\/\/www.olicem.com\/wp-content\/uploads\/2021\/03\/Avedoerevaerket-800x533.png 800w, https:\/\/www.olicem.com\/wp-content\/uploads\/2021\/03\/Avedoerevaerket.png 1200w\" sizes=\"(max-width: 1024px) 100vw, (max-width: 640px) 100vw, 1200px\" \/><\/span><\/div><div class=\"fusion-text fusion-text-2\"><p>The system can, in addition to reporting to the environmental authorities, also help the operators of the plants to anticipate environmental violations before they occur. It is a great help in everyday life and a benefit for the environment.<\/p>\n<p>After a successful pilot period at Asn\u00e6sv\u00e6rket, where ReportLoq ran a test for 6 months, \u00d8rsted decided to also install the environmental reporting system on Aved\u00f8rev\u00e6rket&#8217;s combustion lines.<\/p>\n<p>A major reason why the choice fell on ReportLoq was that the system is MCERTS certified and that it is also a cloud based solution. This means that \u00d8rsted gets uniform access to all works via Olicem&#8217;s online platform. It saves time and at the same time ensures that the requirements for the plants&#8217; emissions meet the same high standard all the way around.<\/p>\n<p>At Olicem, we are proud to have been chosen as a supplier for \u00d8rsted&#8217;s works, and look forward to upgrading more of \u00d8rsted&#8217;s plants in the coming years.<\/p>\n<\/div><div class=\"fusion-separator fusion-full-width-sep\" style=\"align-self: center;margin-left: auto;margin-right: auto;margin-top:3%;width:100%;\"><\/div><div class=\"fusion-builder-row fusion-builder-row-inner fusion-row fusion-flex-align-items-flex-start fusion-flex-content-wrap\" style=\"--awb-flex-grow:0;--awb-flex-grow-medium:0;--awb-flex-grow-small:0;--awb-flex-shrink:0;--awb-flex-shrink-medium:0;--awb-flex-shrink-small:0;width:104% !important;max-width:104% !important;margin-left: calc(-4% \/ 2 );margin-right: calc(-4% \/ 2 );\"><div class=\"fusion-layout-column fusion_builder_column_inner fusion-builder-nested-column-0 fusion_builder_column_inner_1_6 1_6 fusion-flex-column\" style=\"--awb-bg-size:cover;--awb-border-color:#ff9800;--awb-border-style:solid;--awb-width-large:16.666666666667%;--awb-margin-top-large:0px;--awb-spacing-right-large:11.52%;--awb-margin-bottom-large:0px;--awb-spacing-left-large:11.52%;--awb-width-medium:100%;--awb-order-medium:0;--awb-spacing-right-medium:1.92%;--awb-spacing-left-medium:1.92%;--awb-width-small:100%;--awb-order-small:0;--awb-spacing-right-small:1.92%;--awb-spacing-left-small:1.92%;\"><div class=\"fusion-column-wrapper fusion-column-has-shadow fusion-flex-justify-content-flex-start fusion-content-layout-column\"><i class=\"fb-icon-element-1 fb-icon-element fontawesome-icon fa-mobile-alt fas circle-yes fusion-text-flow\" style=\"--awb-iconcolor:#ff9800;--awb-circlecolor:rgba(76,81,102,0);--awb-circlebordercolor:#ff9800;--awb-circlebordersize:3px;--awb-font-size:59.84px;--awb-width:119.68px;--awb-height:119.68px;--awb-line-height:113.68px;--awb-margin-right:34px;\"><\/i><\/div><\/div><div class=\"fusion-layout-column fusion_builder_column_inner fusion-builder-nested-column-1 fusion_builder_column_inner_5_6 5_6 fusion-flex-column\" style=\"--awb-bg-size:cover;--awb-width-large:83.333333333333%;--awb-margin-top-large:0px;--awb-spacing-right-large:2.304%;--awb-margin-bottom-large:0px;--awb-spacing-left-large:2.304%;--awb-width-medium:100%;--awb-order-medium:0;--awb-spacing-right-medium:1.92%;--awb-spacing-left-medium:1.92%;--awb-width-small:100%;--awb-order-small:0;--awb-spacing-right-small:1.92%;--awb-spacing-left-small:1.92%;\"><div class=\"fusion-column-wrapper fusion-column-has-shadow fusion-flex-justify-content-flex-start fusion-content-layout-column\"><div class=\"fusion-text fusion-text-3\"><h4>For further information, contact<br \/>\nKenneth Vindum, CEO, Olicem ApS<br \/>\nMobile: +45 40 35 88 35<\/h4>\n<\/div><\/div><\/div><\/div><\/div><\/div><\/div><\/div>\n","protected":false},"excerpt":{"rendered":"","protected":false},"author":3,"featured_media":0,"parent":0,"menu_order":0,"comment_status":"closed","ping_status":"closed","template":"","meta":{"footnotes":""},"class_list":["post-4370","page","type-page","status-publish","hentry"],"yoast_head":"<!-- This site is optimized with the Yoast SEO plugin v27.4 - https:\/\/yoast.com\/product\/yoast-seo-wordpress\/ -->\n<title>Olicem ApS ensures the quality of environmental measurements at \u00d8rsteds Aved\u00f8rev\u00e6rket and Asn\u00e6sv\u00e6rket - Olicem<\/title>\n<meta name=\"robots\" content=\"index, follow, max-snippet:-1, max-image-preview:large, max-video-preview:-1\" \/>\n<link rel=\"canonical\" href=\"https:\/\/www.olicem.com\/en\/olicem-aps-ensures-the-quality-of-environmental-measurements-at-oersteds-avedoerevaerket-and-asnaesvaerket\/\" \/>\n<meta property=\"og:locale\" content=\"en_US\" \/>\n<meta property=\"og:type\" content=\"article\" \/>\n<meta property=\"og:title\" content=\"Olicem ApS ensures the quality of environmental measurements at \u00d8rsteds Aved\u00f8rev\u00e6rket and Asn\u00e6sv\u00e6rket - Olicem\" \/>\n<meta property=\"og:url\" content=\"https:\/\/www.olicem.com\/en\/olicem-aps-ensures-the-quality-of-environmental-measurements-at-oersteds-avedoerevaerket-and-asnaesvaerket\/\" \/>\n<meta property=\"og:site_name\" content=\"Olicem\" \/>\n<meta property=\"article:modified_time\" content=\"2021-03-07T19:57:00+00:00\" \/>\n<meta name=\"twitter:card\" content=\"summary_large_image\" \/>\n<meta name=\"twitter:label1\" content=\"Est. reading time\" \/>\n\t<meta name=\"twitter:data1\" content=\"8 minutes\" \/>\n<script type=\"application\/ld+json\" class=\"yoast-schema-graph\">{\"@context\":\"https:\\\/\\\/schema.org\",\"@graph\":[{\"@type\":\"WebPage\",\"@id\":\"https:\\\/\\\/www.olicem.com\\\/en\\\/olicem-aps-ensures-the-quality-of-environmental-measurements-at-oersteds-avedoerevaerket-and-asnaesvaerket\\\/\",\"url\":\"https:\\\/\\\/www.olicem.com\\\/en\\\/olicem-aps-ensures-the-quality-of-environmental-measurements-at-oersteds-avedoerevaerket-and-asnaesvaerket\\\/\",\"name\":\"Olicem ApS ensures the quality of environmental measurements at \u00d8rsteds Aved\u00f8rev\u00e6rket and Asn\u00e6sv\u00e6rket - Olicem\",\"isPartOf\":{\"@id\":\"https:\\\/\\\/www.olicem.com\\\/en\\\/#website\"},\"datePublished\":\"2021-03-07T19:39:01+00:00\",\"dateModified\":\"2021-03-07T19:57:00+00:00\",\"breadcrumb\":{\"@id\":\"https:\\\/\\\/www.olicem.com\\\/en\\\/olicem-aps-ensures-the-quality-of-environmental-measurements-at-oersteds-avedoerevaerket-and-asnaesvaerket\\\/#breadcrumb\"},\"inLanguage\":\"en-US\",\"potentialAction\":[{\"@type\":\"ReadAction\",\"target\":[\"https:\\\/\\\/www.olicem.com\\\/en\\\/olicem-aps-ensures-the-quality-of-environmental-measurements-at-oersteds-avedoerevaerket-and-asnaesvaerket\\\/\"]}]},{\"@type\":\"BreadcrumbList\",\"@id\":\"https:\\\/\\\/www.olicem.com\\\/en\\\/olicem-aps-ensures-the-quality-of-environmental-measurements-at-oersteds-avedoerevaerket-and-asnaesvaerket\\\/#breadcrumb\",\"itemListElement\":[{\"@type\":\"ListItem\",\"position\":1,\"name\":\"Hjem\",\"item\":\"https:\\\/\\\/www.olicem.com\\\/en\\\/\"},{\"@type\":\"ListItem\",\"position\":2,\"name\":\"Olicem ApS ensures the quality of environmental measurements at \u00d8rsteds Aved\u00f8rev\u00e6rket and Asn\u00e6sv\u00e6rket\"}]},{\"@type\":\"WebSite\",\"@id\":\"https:\\\/\\\/www.olicem.com\\\/en\\\/#website\",\"url\":\"https:\\\/\\\/www.olicem.com\\\/en\\\/\",\"name\":\"Olicem\",\"description\":\"Certificeret milj\u00f8rapportering\",\"potentialAction\":[{\"@type\":\"SearchAction\",\"target\":{\"@type\":\"EntryPoint\",\"urlTemplate\":\"https:\\\/\\\/www.olicem.com\\\/en\\\/?s={search_term_string}\"},\"query-input\":{\"@type\":\"PropertyValueSpecification\",\"valueRequired\":true,\"valueName\":\"search_term_string\"}}],\"inLanguage\":\"en-US\"}]}<\/script>\n<!-- \/ Yoast SEO plugin. -->","yoast_head_json":{"title":"Olicem ApS ensures the quality of environmental measurements at \u00d8rsteds Aved\u00f8rev\u00e6rket and Asn\u00e6sv\u00e6rket - Olicem","robots":{"index":"index","follow":"follow","max-snippet":"max-snippet:-1","max-image-preview":"max-image-preview:large","max-video-preview":"max-video-preview:-1"},"canonical":"https:\/\/www.olicem.com\/en\/olicem-aps-ensures-the-quality-of-environmental-measurements-at-oersteds-avedoerevaerket-and-asnaesvaerket\/","og_locale":"en_US","og_type":"article","og_title":"Olicem ApS ensures the quality of environmental measurements at \u00d8rsteds Aved\u00f8rev\u00e6rket and Asn\u00e6sv\u00e6rket - Olicem","og_url":"https:\/\/www.olicem.com\/en\/olicem-aps-ensures-the-quality-of-environmental-measurements-at-oersteds-avedoerevaerket-and-asnaesvaerket\/","og_site_name":"Olicem","article_modified_time":"2021-03-07T19:57:00+00:00","twitter_card":"summary_large_image","twitter_misc":{"Est. reading time":"8 minutes"},"schema":{"@context":"https:\/\/schema.org","@graph":[{"@type":"WebPage","@id":"https:\/\/www.olicem.com\/en\/olicem-aps-ensures-the-quality-of-environmental-measurements-at-oersteds-avedoerevaerket-and-asnaesvaerket\/","url":"https:\/\/www.olicem.com\/en\/olicem-aps-ensures-the-quality-of-environmental-measurements-at-oersteds-avedoerevaerket-and-asnaesvaerket\/","name":"Olicem ApS ensures the quality of environmental measurements at \u00d8rsteds Aved\u00f8rev\u00e6rket and Asn\u00e6sv\u00e6rket - Olicem","isPartOf":{"@id":"https:\/\/www.olicem.com\/en\/#website"},"datePublished":"2021-03-07T19:39:01+00:00","dateModified":"2021-03-07T19:57:00+00:00","breadcrumb":{"@id":"https:\/\/www.olicem.com\/en\/olicem-aps-ensures-the-quality-of-environmental-measurements-at-oersteds-avedoerevaerket-and-asnaesvaerket\/#breadcrumb"},"inLanguage":"en-US","potentialAction":[{"@type":"ReadAction","target":["https:\/\/www.olicem.com\/en\/olicem-aps-ensures-the-quality-of-environmental-measurements-at-oersteds-avedoerevaerket-and-asnaesvaerket\/"]}]},{"@type":"BreadcrumbList","@id":"https:\/\/www.olicem.com\/en\/olicem-aps-ensures-the-quality-of-environmental-measurements-at-oersteds-avedoerevaerket-and-asnaesvaerket\/#breadcrumb","itemListElement":[{"@type":"ListItem","position":1,"name":"Hjem","item":"https:\/\/www.olicem.com\/en\/"},{"@type":"ListItem","position":2,"name":"Olicem ApS ensures the quality of environmental measurements at \u00d8rsteds Aved\u00f8rev\u00e6rket and Asn\u00e6sv\u00e6rket"}]},{"@type":"WebSite","@id":"https:\/\/www.olicem.com\/en\/#website","url":"https:\/\/www.olicem.com\/en\/","name":"Olicem","description":"Certificeret milj\u00f8rapportering","potentialAction":[{"@type":"SearchAction","target":{"@type":"EntryPoint","urlTemplate":"https:\/\/www.olicem.com\/en\/?s={search_term_string}"},"query-input":{"@type":"PropertyValueSpecification","valueRequired":true,"valueName":"search_term_string"}}],"inLanguage":"en-US"}]}},"_links":{"self":[{"href":"https:\/\/www.olicem.com\/en\/wp-json\/wp\/v2\/pages\/4370","targetHints":{"allow":["GET"]}}],"collection":[{"href":"https:\/\/www.olicem.com\/en\/wp-json\/wp\/v2\/pages"}],"about":[{"href":"https:\/\/www.olicem.com\/en\/wp-json\/wp\/v2\/types\/page"}],"author":[{"embeddable":true,"href":"https:\/\/www.olicem.com\/en\/wp-json\/wp\/v2\/users\/3"}],"replies":[{"embeddable":true,"href":"https:\/\/www.olicem.com\/en\/wp-json\/wp\/v2\/comments?post=4370"}],"version-history":[{"count":0,"href":"https:\/\/www.olicem.com\/en\/wp-json\/wp\/v2\/pages\/4370\/revisions"}],"wp:attachment":[{"href":"https:\/\/www.olicem.com\/en\/wp-json\/wp\/v2\/media?parent=4370"}],"curies":[{"name":"wp","href":"https:\/\/api.w.org\/{rel}","templated":true}]}}