{"id":4361,"date":"2021-03-07T19:37:35","date_gmt":"2021-03-07T19:37:35","guid":{"rendered":"https:\/\/3.70.252.158\/press-releases\/"},"modified":"2021-03-07T19:55:23","modified_gmt":"2021-03-07T19:55:23","slug":"press-releases","status":"publish","type":"page","link":"https:\/\/www.olicem.com\/en\/press-releases\/","title":{"rendered":"Press releases"},"content":{"rendered":"<div class=\"fusion-fullwidth fullwidth-box fusion-builder-row-1 fusion-flex-container nonhundred-percent-fullwidth non-hundred-percent-height-scrolling\" style=\"--awb-border-radius-top-left:0px;--awb-border-radius-top-right:0px;--awb-border-radius-bottom-right:0px;--awb-border-radius-bottom-left:0px;--awb-flex-wrap:wrap;\" ><div class=\"fusion-builder-row fusion-row fusion-flex-align-items-flex-start fusion-flex-content-wrap\" style=\"max-width:1216.8px;margin-left: calc(-4% \/ 2 );margin-right: calc(-4% \/ 2 );\"><div class=\"fusion-layout-column fusion_builder_column fusion-builder-column-0 fusion_builder_column_1_1 1_1 fusion-flex-column fusion-column-inner-bg-wrapper fusion-column-liftup-border\" style=\"--awb-padding-top:2%;--awb-padding-bottom:2%;--awb-inner-bg-size:cover;--awb-width-large:100%;--awb-margin-top-large:2%;--awb-spacing-right-large:1.92%;--awb-margin-bottom-large:2%;--awb-spacing-left-large:1.92%;--awb-width-medium:100%;--awb-order-medium:0;--awb-spacing-right-medium:1.92%;--awb-spacing-left-medium:1.92%;--awb-width-small:100%;--awb-order-small:0;--awb-spacing-right-small:1.92%;--awb-spacing-left-small:1.92%;\"><span class=\"fusion-column-inner-bg hover-type-liftup\"><a class=\"fusion-column-anchor\" href=\"https:\/\/www.olicem.com\/en\/olicem-aps-ensures-the-quality-of-environmental-measurements-at-oersteds-avedoerevaerket-and-asnaesvaerket\/\"><span class=\"fusion-column-inner-bg-image\"><\/span><\/a><\/span><div class=\"fusion-column-wrapper fusion-flex-justify-content-flex-start fusion-content-layout-column\"><div class=\"fusion-builder-row fusion-builder-row-inner fusion-row fusion-flex-align-items-flex-start fusion-flex-content-wrap\" style=\"--awb-flex-grow:0;--awb-flex-grow-medium:0;--awb-flex-grow-small:0;--awb-flex-shrink:0;--awb-flex-shrink-medium:0;--awb-flex-shrink-small:0;width:104% !important;max-width:104% !important;margin-left: calc(-4% \/ 2 );margin-right: calc(-4% \/ 2 );\"><div class=\"fusion-layout-column fusion_builder_column_inner fusion-builder-nested-column-0 fusion_builder_column_inner_1_3 1_3 fusion-flex-column\" style=\"--awb-bg-size:cover;--awb-width-large:33.333333333333%;--awb-margin-top-large:0px;--awb-spacing-right-large:5.76%;--awb-margin-bottom-large:0px;--awb-spacing-left-large:5.76%;--awb-width-medium:100%;--awb-order-medium:0;--awb-spacing-right-medium:1.92%;--awb-spacing-left-medium:1.92%;--awb-width-small:100%;--awb-order-small:0;--awb-spacing-right-small:1.92%;--awb-spacing-left-small:1.92%;\"><div class=\"fusion-column-wrapper fusion-column-has-shadow fusion-flex-justify-content-flex-start fusion-content-layout-column\"><div class=\"fusion-image-element \" style=\"--awb-caption-title-font-family:var(--h2_typography-font-family);--awb-caption-title-font-weight:var(--h2_typography-font-weight);--awb-caption-title-font-style:var(--h2_typography-font-style);--awb-caption-title-size:var(--h2_typography-font-size);--awb-caption-title-transform:var(--h2_typography-text-transform);--awb-caption-title-line-height:var(--h2_typography-line-height);--awb-caption-title-letter-spacing:var(--h2_typography-letter-spacing);\"><span class=\" fusion-imageframe imageframe-none imageframe-1 hover-type-none\"><img decoding=\"async\" width=\"400\" height=\"267\" title=\"Avedoerevaerket\" src=\"https:\/\/www.olicem.com\/wp-content\/uploads\/2021\/03\/Avedoerevaerket-400x267.png\" alt class=\"img-responsive wp-image-4319 \" srcset=\"https:\/\/www.olicem.com\/wp-content\/uploads\/2021\/03\/Avedoerevaerket-200x133.png 200w, https:\/\/www.olicem.com\/wp-content\/uploads\/2021\/03\/Avedoerevaerket-400x267.png 400w, https:\/\/www.olicem.com\/wp-content\/uploads\/2021\/03\/Avedoerevaerket-600x400.png 600w, https:\/\/www.olicem.com\/wp-content\/uploads\/2021\/03\/Avedoerevaerket-800x533.png 800w, https:\/\/www.olicem.com\/wp-content\/uploads\/2021\/03\/Avedoerevaerket.png 1200w\" sizes=\"(max-width: 1024px) 100vw, (max-width: 640px) 100vw, 400px\" \/><\/span><\/div><\/div><\/div><div class=\"fusion-layout-column fusion_builder_column_inner fusion-builder-nested-column-1 fusion_builder_column_inner_2_3 2_3 fusion-flex-column\" style=\"--awb-bg-size:cover;--awb-width-large:66.666666666667%;--awb-margin-top-large:0px;--awb-spacing-right-large:2.88%;--awb-margin-bottom-large:0px;--awb-spacing-left-large:2.88%;--awb-width-medium:100%;--awb-order-medium:0;--awb-spacing-right-medium:1.92%;--awb-spacing-left-medium:1.92%;--awb-width-small:100%;--awb-order-small:0;--awb-spacing-right-small:1.92%;--awb-spacing-left-small:1.92%;\"><div class=\"fusion-column-wrapper fusion-column-has-shadow fusion-flex-justify-content-flex-start fusion-content-layout-column\"><div class=\"fusion-text fusion-text-1\"><p>08.03.2021 09:00<br \/>\n<strong>Olicem ApS ensures the quality of environmental measurements at \u00d8rsteds Aved\u00f8rev\u00e6rket and Asn\u00e6sv\u00e6rket<\/strong><br \/>\nAs a power plant operator, it is important to ensure that the environmental impact on the environment is reduced as much as possible. \u00d8rsted has therefore taken the step of replacing its environmental reporting system at both Aved\u00f8rev\u00e6rket and Asn\u00e6sv\u00e6rket with Olicem&#8217;s mCert&#8217;s certified environmental monitoring and reporting system ReportLoq.<\/p>\n<\/div><\/div><\/div><\/div><\/div><\/div><\/div><\/div>\n","protected":false},"excerpt":{"rendered":"","protected":false},"author":3,"featured_media":0,"parent":0,"menu_order":0,"comment_status":"closed","ping_status":"closed","template":"","meta":{"footnotes":""},"class_list":["post-4361","page","type-page","status-publish","hentry"],"yoast_head":"<!-- This site is optimized with the Yoast SEO plugin v27.4 - https:\/\/yoast.com\/product\/yoast-seo-wordpress\/ -->\n<title>Press releases - Olicem<\/title>\n<meta name=\"robots\" content=\"index, follow, max-snippet:-1, max-image-preview:large, max-video-preview:-1\" \/>\n<link rel=\"canonical\" href=\"https:\/\/www.olicem.com\/en\/press-releases\/\" \/>\n<meta property=\"og:locale\" content=\"en_US\" \/>\n<meta property=\"og:type\" content=\"article\" \/>\n<meta property=\"og:title\" content=\"Press releases - Olicem\" \/>\n<meta property=\"og:url\" content=\"https:\/\/www.olicem.com\/en\/press-releases\/\" \/>\n<meta property=\"og:site_name\" content=\"Olicem\" \/>\n<meta property=\"article:modified_time\" content=\"2021-03-07T19:55:23+00:00\" \/>\n<meta name=\"twitter:card\" content=\"summary_large_image\" \/>\n<meta name=\"twitter:label1\" content=\"Est. reading time\" \/>\n\t<meta name=\"twitter:data1\" content=\"3 minutes\" \/>\n<script type=\"application\/ld+json\" class=\"yoast-schema-graph\">{\"@context\":\"https:\\\/\\\/schema.org\",\"@graph\":[{\"@type\":\"WebPage\",\"@id\":\"https:\\\/\\\/www.olicem.com\\\/en\\\/press-releases\\\/\",\"url\":\"https:\\\/\\\/www.olicem.com\\\/en\\\/press-releases\\\/\",\"name\":\"Press releases - Olicem\",\"isPartOf\":{\"@id\":\"https:\\\/\\\/www.olicem.com\\\/en\\\/#website\"},\"datePublished\":\"2021-03-07T19:37:35+00:00\",\"dateModified\":\"2021-03-07T19:55:23+00:00\",\"breadcrumb\":{\"@id\":\"https:\\\/\\\/www.olicem.com\\\/en\\\/press-releases\\\/#breadcrumb\"},\"inLanguage\":\"en-US\",\"potentialAction\":[{\"@type\":\"ReadAction\",\"target\":[\"https:\\\/\\\/www.olicem.com\\\/en\\\/press-releases\\\/\"]}]},{\"@type\":\"BreadcrumbList\",\"@id\":\"https:\\\/\\\/www.olicem.com\\\/en\\\/press-releases\\\/#breadcrumb\",\"itemListElement\":[{\"@type\":\"ListItem\",\"position\":1,\"name\":\"Hjem\",\"item\":\"https:\\\/\\\/www.olicem.com\\\/en\\\/\"},{\"@type\":\"ListItem\",\"position\":2,\"name\":\"Press releases\"}]},{\"@type\":\"WebSite\",\"@id\":\"https:\\\/\\\/www.olicem.com\\\/en\\\/#website\",\"url\":\"https:\\\/\\\/www.olicem.com\\\/en\\\/\",\"name\":\"Olicem\",\"description\":\"Certificeret milj\u00f8rapportering\",\"potentialAction\":[{\"@type\":\"SearchAction\",\"target\":{\"@type\":\"EntryPoint\",\"urlTemplate\":\"https:\\\/\\\/www.olicem.com\\\/en\\\/?s={search_term_string}\"},\"query-input\":{\"@type\":\"PropertyValueSpecification\",\"valueRequired\":true,\"valueName\":\"search_term_string\"}}],\"inLanguage\":\"en-US\"}]}<\/script>\n<!-- \/ Yoast SEO plugin. -->","yoast_head_json":{"title":"Press releases - Olicem","robots":{"index":"index","follow":"follow","max-snippet":"max-snippet:-1","max-image-preview":"max-image-preview:large","max-video-preview":"max-video-preview:-1"},"canonical":"https:\/\/www.olicem.com\/en\/press-releases\/","og_locale":"en_US","og_type":"article","og_title":"Press releases - Olicem","og_url":"https:\/\/www.olicem.com\/en\/press-releases\/","og_site_name":"Olicem","article_modified_time":"2021-03-07T19:55:23+00:00","twitter_card":"summary_large_image","twitter_misc":{"Est. reading time":"3 minutes"},"schema":{"@context":"https:\/\/schema.org","@graph":[{"@type":"WebPage","@id":"https:\/\/www.olicem.com\/en\/press-releases\/","url":"https:\/\/www.olicem.com\/en\/press-releases\/","name":"Press releases - Olicem","isPartOf":{"@id":"https:\/\/www.olicem.com\/en\/#website"},"datePublished":"2021-03-07T19:37:35+00:00","dateModified":"2021-03-07T19:55:23+00:00","breadcrumb":{"@id":"https:\/\/www.olicem.com\/en\/press-releases\/#breadcrumb"},"inLanguage":"en-US","potentialAction":[{"@type":"ReadAction","target":["https:\/\/www.olicem.com\/en\/press-releases\/"]}]},{"@type":"BreadcrumbList","@id":"https:\/\/www.olicem.com\/en\/press-releases\/#breadcrumb","itemListElement":[{"@type":"ListItem","position":1,"name":"Hjem","item":"https:\/\/www.olicem.com\/en\/"},{"@type":"ListItem","position":2,"name":"Press releases"}]},{"@type":"WebSite","@id":"https:\/\/www.olicem.com\/en\/#website","url":"https:\/\/www.olicem.com\/en\/","name":"Olicem","description":"Certificeret milj\u00f8rapportering","potentialAction":[{"@type":"SearchAction","target":{"@type":"EntryPoint","urlTemplate":"https:\/\/www.olicem.com\/en\/?s={search_term_string}"},"query-input":{"@type":"PropertyValueSpecification","valueRequired":true,"valueName":"search_term_string"}}],"inLanguage":"en-US"}]}},"_links":{"self":[{"href":"https:\/\/www.olicem.com\/en\/wp-json\/wp\/v2\/pages\/4361","targetHints":{"allow":["GET"]}}],"collection":[{"href":"https:\/\/www.olicem.com\/en\/wp-json\/wp\/v2\/pages"}],"about":[{"href":"https:\/\/www.olicem.com\/en\/wp-json\/wp\/v2\/types\/page"}],"author":[{"embeddable":true,"href":"https:\/\/www.olicem.com\/en\/wp-json\/wp\/v2\/users\/3"}],"replies":[{"embeddable":true,"href":"https:\/\/www.olicem.com\/en\/wp-json\/wp\/v2\/comments?post=4361"}],"version-history":[{"count":0,"href":"https:\/\/www.olicem.com\/en\/wp-json\/wp\/v2\/pages\/4361\/revisions"}],"wp:attachment":[{"href":"https:\/\/www.olicem.com\/en\/wp-json\/wp\/v2\/media?parent=4361"}],"curies":[{"name":"wp","href":"https:\/\/api.w.org\/{rel}","templated":true}]}}